{"id":24,"date":"2023-08-18T04:21:57","date_gmt":"2023-08-18T04:21:57","guid":{"rendered":"https:\/\/demo.farost.net\/wiseguard\/?page_id=24"},"modified":"2023-10-12T14:30:13","modified_gmt":"2023-10-12T14:30:13","slug":"support","status":"publish","type":"page","link":"https:\/\/smartgardian.com\/fr\/support\/","title":{"rendered":"Support"},"content":{"rendered":"<div data-elementor-type=\"wp-page\" data-elementor-id=\"24\" class=\"elementor elementor-24\" data-elementor-post-type=\"page\">\n\t\t\t\t\t\t\t        <section class=\"elementor-section elementor-top-section elementor-element elementor-element-947daff elementor-section-full_width elementor-section-height-default elementor-section-height-default cms-full-content-with-space-none cms-section-banner-no\" data-id=\"947daff\" data-element_type=\"section\">\r\n\t\t\r\n\t\t        <div class=\"elementor-container elementor-column-gap-no\" >\r\n\t\t        <div class=\"elementor-column elementor-col-100 elementor-top-column elementor-element elementor-element-53e0b26\" data-id=\"53e0b26\" data-element_type=\"column\">\r\n        <div class=\"elementor-widget-wrap elementor-element-populated\">\r\n                        \t\t<div class=\"elementor-element elementor-element-44c69b0 cms-eptitle-header-transparent-yes cms-eptitle-overlay-1 elementor-invisible elementor-widget elementor-widget-cms_page_title\" data-id=\"44c69b0\" data-element_type=\"widget\" data-settings=\"{&quot;_animation&quot;:&quot;fadeInUp&quot;}\" data-widget_type=\"cms_page_title.default\">\n\t\t\t\t<div class=\"elementor-widget-container\">\n\t\t\t<img width=\"\" height=\"\" data-src=\"https:\/\/smartgardian.com\/wp-content\/uploads\/2023\/08\/blog-1.webp\" title=\"blog-1\" alt=\"blog-1\" class=\"cms-lazy lazy-loading img-cover cms-overlay\" loading=\"lazy\" \/><div class=\"cms-eptitle-overlay cms-overlay\"><\/div><div class=\"cms-eptitle cms-eptitle-7 relative z-top text-center\">\n\t<div class=\"cms-content container text-center d-flex justify-content-center\">\n\t\t<div class=\"cms--content d-flex justify-content-center\">\n\t\t\t<div class=\"cms-small-title pb-10 w-100 text-17 font-700 pt-5 text-white empty-none\"><\/div>\n\t\t\t<h1 class=\"cms-title w-100 text-75 text-tablet-50 text-mobile-40 font-700 lh-1 text-white w-100 empty-none\">Ici pour vous aider, toujours.<\/h1>\n\t\t\t<div class=\"cms-desc pt-20 w-100 text-17 font-700 text-white empty-none\">Votre s\u00e9curit\u00e9 est notre priorit\u00e9 absolue, tout comme votre satisfaction. Qu'il s'agisse d'une question sur un produit, d'un probl\u00e8me technique ou simplement d'une simple question, notre \u00e9quipe d'assistance d\u00e9di\u00e9e est l\u00e0 pour vous aider.<\/div>\n\t\t\t<div class=\"d-flex gap empty-none pt-30 w-100 pb-15 justify-content-center\" style=\"--cms-gap:30px;--cms-gap-tablet:30px;--cms-gap-mobile:20px;\"><\/div>\n\t\t<\/div>\n\t<\/div>\n\t<div class=\"cms-breadcrumbs-wrap absolute bottom-center p-20 bg-white\"><ul class=\"cms-breadcrumb unstyled justify-content-center\"><li><span class=\"breadcrumb-entry\" >Accueil<\/span><\/li><\/ul><\/div><\/div>\t\t<\/div>\n\t\t\t\t<\/div>\n\t\t        <\/div>\r\n        <\/div>\r\n        \t\t        <\/div>\r\n        <\/section>\r\n\t\t        <section class=\"elementor-section elementor-top-section elementor-element elementor-element-eefa15f pt-90 pb-100 pt-tablet-60 pb-tablet-40 elementor-reverse-mobile_extra elementor-reverse-mobile elementor-section-boxed elementor-section-height-default elementor-section-height-default cms-section-banner-no\" data-id=\"eefa15f\" data-element_type=\"section\">\r\n\t\t\r\n\t\t        <div class=\"elementor-container elementor-column-gap-default\" >\r\n\t\t        <div class=\"elementor-column elementor-col-66 elementor-top-column elementor-element elementor-element-ae3889c\" data-id=\"ae3889c\" data-element_type=\"column\">\r\n        <div class=\"elementor-widget-wrap elementor-element-populated\">\r\n                        \t\t<div class=\"elementor-element elementor-element-69e8dd2 elementor-widget elementor-widget-cms_heading\" data-id=\"69e8dd2\" data-element_type=\"widget\" data-widget_type=\"cms_heading.default\">\n\t\t\t\t<div class=\"elementor-widget-container\">\n\t\t\t<div class=\"cms-eheading cms-eheading-1 text-start\">\n\t<div class=\"cms-smallheading empty-none font-700 text-16 pb-10 text-accent\">Vous rencontrez des difficult\u00e9s techniques ? Laissez-vous guider par nos experts.<\/div>\n\t<h2 class=\"cms-heading empty-none text-\">Contactez-nous<\/h2>\n<\/div>\t\t<\/div>\n\t\t\t\t<\/div>\n\t\t\t\t<div class=\"elementor-element elementor-element-5a25c17 elementor-widget elementor-widget-cms_quickcontact\" data-id=\"5a25c17\" data-element_type=\"widget\" data-widget_type=\"cms_quickcontact.default\">\n\t\t\t\t<div class=\"elementor-widget-container\">\n\t\t\t<div class=\"cms-eqc cms-eqc-1\">\n\t\t<a class=\"cms-eqc-item cms-email text-17 font-600 heading text-accent text-hover-secondary d-flex gap-20 align-items-center no-wrap text-ellipsis empty-none\" href=\"mailto:admin@smartgardian.com\"><span class=\"cms-icon cmsi-email text-16\"><\/span>admin@smartgardian.com<\/a>\n\t<a class=\"cms-eqc-item cms-phone text-17 font-600 heading pt-15 text-accent text-hover-secondary d-flex gap-20 align-items-center no-wrap text-ellipsis empty-none\" href=\"tel: 1833-762-7811\"><span class=\"cms-icon cmsi-phone-alt text-16\"><\/span>+1 833-762-7811<\/a>\n\t<div class=\"cms-desc text-14 pt-25 text-body\"><\/div>\n\t<\/div>\t\t<\/div>\n\t\t\t\t<\/div>\n\t\t        <\/div>\r\n        <\/div>\r\n                <div class=\"elementor-column elementor-col-33 elementor-top-column elementor-element elementor-element-97fb8b9 pr-30 pr-laptop-0\" data-id=\"97fb8b9\" data-element_type=\"column\">\r\n        <div class=\"elementor-widget-wrap elementor-element-populated\">\r\n                        \t\t<div class=\"elementor-element elementor-element-7584250 cms-sticky elementor-invisible elementor-widget elementor-widget-cms_download\" data-id=\"7584250\" data-element_type=\"widget\" data-settings=\"{&quot;_animation_tablet_extra&quot;:&quot;fadeInUp&quot;,&quot;_animation&quot;:&quot;fadeInUp&quot;}\" data-widget_type=\"cms_download.default\">\n\t\t\t\t<div class=\"elementor-widget-container\">\n\t\t\t<div class=\"cms-edownload p-50 p-lr-tablet-extra-40 p-lr-tablet-30 p-lr-smobile-20 bg-white cms-shadow-1\">\n\t<h4 class=\"cms-title cms-heading font-700 pb-25 mt-n5 empty-none\">Centre de t\u00e9l\u00e9chargement<\/h4>\n\t<div class=\"cms-download-list d-flex gap-20\">        \t<a href=\"https:\/\/anydesk.com\/downloads\" target=\"_blank\" rel=\"nofollow\" class=\"cms-dowload-item d-flex align-items-center gap-20 text-15 font-700 w-100\"><i class=\"cms-icon cmsi-pdf text-32\"><\/i>Anydesk<\/a>\n        <\/div>\n<\/div>\t\t<\/div>\n\t\t\t\t<\/div>\n\t\t        <\/div>\r\n        <\/div>\r\n        \t\t        <\/div>\r\n        <\/section>\r\n\t\t\t\t\t\t\t<\/div>","protected":false},"excerpt":{"rendered":"<p>Here to Support, Always. Your security is our top priority, and so is your satisfaction. Whether it&#8217;s a product query, technical issue, or just a simple question, our dedicated support team is here to help Home Experiencing technical difficulties? Let our experts guide you. Contact Us admin@smartgardian.com +1 833-762-7811 Download Center Anydesk<\/p>","protected":false},"author":5,"featured_media":0,"parent":0,"menu_order":11,"comment_status":"closed","ping_status":"closed","template":"","meta":{"footnotes":""},"_links":{"self":[{"href":"https:\/\/smartgardian.com\/fr\/wp-json\/wp\/v2\/pages\/24"}],"collection":[{"href":"https:\/\/smartgardian.com\/fr\/wp-json\/wp\/v2\/pages"}],"about":[{"href":"https:\/\/smartgardian.com\/fr\/wp-json\/wp\/v2\/types\/page"}],"author":[{"embeddable":true,"href":"https:\/\/smartgardian.com\/fr\/wp-json\/wp\/v2\/users\/5"}],"replies":[{"embeddable":true,"href":"https:\/\/smartgardian.com\/fr\/wp-json\/wp\/v2\/comments?post=24"}],"version-history":[{"count":36,"href":"https:\/\/smartgardian.com\/fr\/wp-json\/wp\/v2\/pages\/24\/revisions"}],"predecessor-version":[{"id":941,"href":"https:\/\/smartgardian.com\/fr\/wp-json\/wp\/v2\/pages\/24\/revisions\/941"}],"wp:attachment":[{"href":"https:\/\/smartgardian.com\/fr\/wp-json\/wp\/v2\/media?parent=24"}],"curies":[{"name":"wp","href":"https:\/\/api.w.org\/{rel}","templated":true}]}}