{"id":26,"date":"2023-08-18T04:22:26","date_gmt":"2023-08-18T04:22:26","guid":{"rendered":"https:\/\/demo.farost.net\/wiseguard\/?page_id=26"},"modified":"2023-10-01T15:52:18","modified_gmt":"2023-10-01T15:52:18","slug":"careers","status":"publish","type":"page","link":"https:\/\/smartgardian.com\/fr\/careers\/","title":{"rendered":"Carri\u00e8res"},"content":{"rendered":"<div data-elementor-type=\"wp-page\" data-elementor-id=\"26\" class=\"elementor elementor-26\" data-elementor-post-type=\"page\">\n\t\t\t\t\t\t\t        <section class=\"elementor-section elementor-top-section elementor-element elementor-element-7689d3d elementor-section-full_width elementor-section-height-default elementor-section-height-default cms-full-content-with-space-none cms-section-banner-no\" data-id=\"7689d3d\" data-element_type=\"section\">\r\n\t\t\r\n\t\t        <div class=\"elementor-container elementor-column-gap-no\" >\r\n\t\t        <div class=\"elementor-column elementor-col-100 elementor-top-column elementor-element elementor-element-2b3cda5\" data-id=\"2b3cda5\" data-element_type=\"column\">\r\n        <div class=\"elementor-widget-wrap elementor-element-populated\">\r\n                        \t\t<div class=\"elementor-element elementor-element-1ba5c88 cms-eptitle-header-transparent-yes cms-eptitle-overlay-1 elementor-invisible elementor-widget elementor-widget-cms_page_title\" data-id=\"1ba5c88\" data-element_type=\"widget\" data-settings=\"{&quot;_animation&quot;:&quot;fadeInUp&quot;}\" data-widget_type=\"cms_page_title.default\">\n\t\t\t\t<div class=\"elementor-widget-container\">\n\t\t\t<img width=\"\" height=\"\" data-src=\"https:\/\/smartgardian.com\/wp-content\/uploads\/banner-11.webp\" title=\"banner-11\" alt=\"banner-11\" class=\"cms-lazy lazy-loading img-cover cms-overlay\" loading=\"lazy\" \/><div class=\"cms-eptitle-overlay cms-overlay\"><\/div><div class=\"cms-eptitle cms-eptitle-7 relative z-top text-center\">\n\t<div class=\"cms-content container text-center d-flex justify-content-center\">\n\t\t<div class=\"cms--content d-flex justify-content-center\">\n\t\t\t<div class=\"cms-small-title pb-10 w-100 text-17 font-700 pt-5 text-white empty-none\"><\/div>\n\t\t\t<h1 class=\"cms-title w-100 text-75 text-tablet-50 text-mobile-40 font-700 lh-1 text-white w-100 empty-none\">Rejoignez notre \u00e9quipe<\/h1>\n\t\t\t<div class=\"cms-desc pt-20 w-100 text-17 font-700 text-white empty-none\"><\/div>\n\t\t\t<div class=\"d-flex gap empty-none pt-30 w-100 pb-15 justify-content-center\" style=\"--cms-gap:30px;--cms-gap-tablet:30px;--cms-gap-mobile:20px;\"><\/div>\n\t\t<\/div>\n\t<\/div>\n\t<div class=\"cms-breadcrumbs-wrap absolute bottom-center p-20 bg-white\"><ul class=\"cms-breadcrumb unstyled justify-content-center\"><li><span class=\"breadcrumb-entry\" >Accueil<\/span><\/li><\/ul><\/div><\/div>\t\t<\/div>\n\t\t\t\t<\/div>\n\t\t        <\/div>\r\n        <\/div>\r\n        \t\t        <\/div>\r\n        <\/section>\r\n\t\t        <section class=\"elementor-section elementor-top-section elementor-element elementor-element-f16854e pt-100 pb-90 pt-tablet-60 pb-tablet-40 elementor-section-boxed elementor-section-height-default elementor-section-height-default cms-section-banner-no\" data-id=\"f16854e\" data-element_type=\"section\">\r\n\t\t\r\n\t\t        <div class=\"elementor-container elementor-column-gap-default\" >\r\n\t\t        <div class=\"elementor-column elementor-col-100 elementor-top-column elementor-element elementor-element-b8a9cbb\" data-id=\"b8a9cbb\" data-element_type=\"column\">\r\n        <div class=\"elementor-widget-wrap elementor-element-populated\">\r\n                        \t\t<div class=\"elementor-element elementor-element-dbae5f4 elementor-widget elementor-widget-cms_heading\" data-id=\"dbae5f4\" data-element_type=\"widget\" data-widget_type=\"cms_heading.default\">\n\t\t\t\t<div class=\"elementor-widget-container\">\n\t\t\t<div class=\"cms-eheading cms-eheading-1 text-center\">\n\t<div class=\"cms-smallheading empty-none font-700 text-16 pb-10 text-accent\">Rejoignez une \u00e9quipe d\u00e9di\u00e9e \u00e0 l'innovation, \u00e0 l'excellence et \u00e0 faire la diff\u00e9rence<\/div>\n\t<h2 class=\"cms-heading empty-none text-\">Construisez un avenir avec Smart Gardian<\/h2>\n<\/div>\t\t<\/div>\n\t\t\t\t<\/div>\n\t\t\t\t<div class=\"elementor-element elementor-element-95c7396 elementor-widget elementor-widget-cms_contact_form\" data-id=\"95c7396\" data-element_type=\"widget\" data-widget_type=\"cms_contact_form.default\">\n\t\t\t\t<div class=\"elementor-widget-container\">\n\t\t\t<div class=\"d-flex justify-content-end row-30\">\n\t\t<div class=\"col-12\">\n\t\t<div class=\"bg-white p-70 p-lr-smobile-20\">\n\t\t\t\n<div class=\"wpcf7 no-js\" id=\"wpcf7-f870-o1\" lang=\"fr-FR\" dir=\"ltr\">\n<div class=\"screen-reader-response\"><p role=\"status\" aria-live=\"polite\" aria-atomic=\"true\"><\/p> <ul><\/ul><\/div>\n<form action=\"\/fr\/wp-json\/wp\/v2\/pages\/26#wpcf7-f870-o1\" method=\"post\" class=\"wpcf7-form init\" aria-label=\"Formulaire de contact\" novalidate=\"novalidate\" data-status=\"init\" data-trp-original-action=\"\/fr\/wp-json\/wp\/v2\/pages\/26#wpcf7-f870-o1\">\n<div style=\"display: none;\">\n<input type=\"hidden\" name=\"_wpcf7\" value=\"870\" \/>\n<input type=\"hidden\" name=\"_wpcf7_version\" value=\"5.8\" \/>\n<input type=\"hidden\" name=\"_wpcf7_locale\" value=\"fr_FR\" \/>\n<input type=\"hidden\" name=\"_wpcf7_unit_tag\" value=\"wpcf7-f870-o1\" \/>\n<input type=\"hidden\" name=\"_wpcf7_container_post\" value=\"0\" \/>\n<input type=\"hidden\" name=\"_wpcf7_posted_data_hash\" value=\"\" \/>\n<input type=\"hidden\" name=\"_wpcf7_recaptcha_response\" value=\"\" \/>\n<\/div>\n<label> Nom\n    <span class=\"wpcf7-form-control-wrap\" data-name=\"your-name\"><input size=\"40\" class=\"wpcf7-form-control wpcf7-text wpcf7-validates-as-required\" autocomplete=\"name\" aria-required=\"true\" aria-invalid=\"false\" value=\"\" type=\"text\" name=\"your-name\" \/><\/span> <\/label>\n\n<label> E-mail\n    <span class=\"wpcf7-form-control-wrap\" data-name=\"your-email\"><input size=\"40\" class=\"wpcf7-form-control wpcf7-email wpcf7-validates-as-required wpcf7-text wpcf7-validates-as-email\" autocomplete=\"email\" aria-required=\"true\" aria-invalid=\"false\" value=\"\" type=\"email\" name=\"your-email\" \/><\/span> <\/label>\n\n<label> Sujet\n    <span class=\"wpcf7-form-control-wrap\" data-name=\"your-subject\"><input size=\"40\" class=\"wpcf7-form-control wpcf7-text wpcf7-validates-as-required\" aria-required=\"true\" aria-invalid=\"false\" value=\"\" type=\"text\" name=\"your-subject\" \/><\/span> <\/label>\n\n<label> Message\n    <span class=\"wpcf7-form-control-wrap\" data-name=\"your-message\"><textarea cols=\"40\" rows=\"10\" class=\"wpcf7-form-control wpcf7-textarea\" aria-invalid=\"false\" name=\"your-message\"><\/textarea><\/span> <\/label>\n\n<button class=\"wpcf7-form-control wpcf7-submit\" type=\"submit\">Envoyer<\/button><div class=\"wpcf7-response-output\" aria-hidden=\"true\"><\/div>\n<input type=\"hidden\" name=\"trp-form-language\" value=\"fr\"\/><\/form>\n<\/div>\n\t\t<\/div>\n\t<\/div>\n<\/div>\t\t<\/div>\n\t\t\t\t<\/div>\n\t\t        <\/div>\r\n        <\/div>\r\n        \t\t        <\/div>\r\n        <\/section>\r\n\t\t\t\t\t\t\t<\/div>","protected":false},"excerpt":{"rendered":"<p>Join Our Team Home Join a team dedicated to innovation, excellence, and making a difference Build a Future with Smart Gardian Name E-mail Subject Message Envoyer<\/p>","protected":false},"author":5,"featured_media":0,"parent":0,"menu_order":13,"comment_status":"closed","ping_status":"closed","template":"","meta":{"footnotes":""},"_links":{"self":[{"href":"https:\/\/smartgardian.com\/fr\/wp-json\/wp\/v2\/pages\/26"}],"collection":[{"href":"https:\/\/smartgardian.com\/fr\/wp-json\/wp\/v2\/pages"}],"about":[{"href":"https:\/\/smartgardian.com\/fr\/wp-json\/wp\/v2\/types\/page"}],"author":[{"embeddable":true,"href":"https:\/\/smartgardian.com\/fr\/wp-json\/wp\/v2\/users\/5"}],"replies":[{"embeddable":true,"href":"https:\/\/smartgardian.com\/fr\/wp-json\/wp\/v2\/comments?post=26"}],"version-history":[{"count":6,"href":"https:\/\/smartgardian.com\/fr\/wp-json\/wp\/v2\/pages\/26\/revisions"}],"predecessor-version":[{"id":874,"href":"https:\/\/smartgardian.com\/fr\/wp-json\/wp\/v2\/pages\/26\/revisions\/874"}],"wp:attachment":[{"href":"https:\/\/smartgardian.com\/fr\/wp-json\/wp\/v2\/media?parent=26"}],"curies":[{"name":"wp","href":"https:\/\/api.w.org\/{rel}","templated":true}]}}