{"id":38,"date":"2023-08-18T04:26:29","date_gmt":"2023-08-18T04:26:29","guid":{"rendered":"https:\/\/demo.farost.net\/wiseguard\/?page_id=38"},"modified":"2023-09-28T15:28:20","modified_gmt":"2023-09-28T15:28:20","slug":"get-a-quote","status":"publish","type":"page","link":"https:\/\/smartgardian.com\/fr\/get-a-quote\/","title":{"rendered":"Get a Quote"},"content":{"rendered":"<div data-elementor-type=\"wp-page\" data-elementor-id=\"38\" class=\"elementor elementor-38\" data-elementor-post-type=\"page\">\n\t\t\t\t\t\t\t        <section class=\"elementor-section elementor-top-section elementor-element elementor-element-e12ea49 elementor-section-full_width elementor-section-height-default elementor-section-height-default cms-full-content-with-space-none cms-section-banner-no\" data-id=\"e12ea49\" data-element_type=\"section\">\r\n\t\t\r\n\t\t        <div class=\"elementor-container elementor-column-gap-no\" >\r\n\t\t        <div class=\"elementor-column elementor-col-100 elementor-top-column elementor-element elementor-element-7870e07\" data-id=\"7870e07\" data-element_type=\"column\">\r\n        <div class=\"elementor-widget-wrap elementor-element-populated\">\r\n                        \t\t<div class=\"elementor-element elementor-element-576ae76 cms-eptitle-header-transparent-yes cms-eptitle-overlay-1 elementor-widget elementor-widget-cms_page_title\" data-id=\"576ae76\" data-element_type=\"widget\" data-widget_type=\"cms_page_title.default\">\n\t\t\t\t<div class=\"elementor-widget-container\">\n\t\t\t<img width=\"\" height=\"\" data-src=\"https:\/\/smartgardian.com\/wp-content\/uploads\/banner-3.webp\" title=\"banner-3\" alt=\"banner-3\" class=\"cms-lazy lazy-loading img-cover cms-overlay\" loading=\"lazy\" \/><div class=\"cms-eptitle-overlay cms-overlay\"><\/div><div class=\"cms-eptitle cms-eptitle-2 relative z-top text-start\">\n\t<div class=\"cms-content container text-start d-flex justify-content-start\">\n\t\t<div class=\"cms--content d-flex justify-content-start\">\n\t\t\t<h1 class=\"cms-title w-100 text-75 text-tablet-50 text-mobile-40 font-700 lh-1 text-white empty-none\">S\u00e9curisez Votre Propri\u00e9t\u00e9<\/h1>\n\t\t\t<div class=\"cms-desc pt-20 w-100 text-17 font-700 text-white empty-none\">Chaque propri\u00e9t\u00e9 et chaque besoin est unique. Remplissez les d\u00e9tails ci-dessous et notre \u00e9quipe vous fournira un devis personnalis\u00e9 con\u00e7u pour vos besoins de s\u00e9curit\u00e9 sp\u00e9cifiques.<\/div>\n\t\t\t<div class=\"d-flex gap empty-none pt-5 w-100 justify-content-start\" style=\"--cms-gap:30px;--cms-gap-tablet:30px;--cms-gap-mobile:20px;\"><\/div>\n\t\t<\/div>\n\t<\/div>\n<\/div>\t\t<\/div>\n\t\t\t\t<\/div>\n\t\t        <\/div>\r\n        <\/div>\r\n        \t\t        <\/div>\r\n        <\/section>\r\n\t\t        <section class=\"elementor-section elementor-top-section elementor-element elementor-element-1cc3d3d pt-90 pb-110 p-tb-tablet-40 elementor-reverse-tablet elementor-reverse-mobile_extra elementor-reverse-mobile elementor-section-boxed elementor-section-height-default elementor-section-height-default cms-section-banner-no\" data-id=\"1cc3d3d\" data-element_type=\"section\">\r\n\t\t\r\n\t\t        <div class=\"elementor-container elementor-column-gap-default\" >\r\n\t\t        <div class=\"elementor-column elementor-col-100 elementor-top-column elementor-element elementor-element-dca0984\" data-id=\"dca0984\" data-element_type=\"column\">\r\n        <div class=\"elementor-widget-wrap elementor-element-populated\">\r\n                        \t\t<div class=\"elementor-element elementor-element-e780f95 cms-sticky elementor-widget elementor-widget-cms_contact_form\" data-id=\"e780f95\" data-element_type=\"widget\" data-widget_type=\"cms_contact_form.default\">\n\t\t\t\t<div class=\"elementor-widget-container\">\n\t\t\t<div class=\"bg-white cms-shadow-1 overflow-hidden p-50 p-lr-smobile-20\">\n\t\t\t<h3 class=\"cms-title cms-heading font-700 mt-n8 text-heading\">Demandez un Devis<\/h3>\n\t\t<div class=\"cms-desc text-15 pt-15 pb-35 text-body\">Veuillez remplir le formulaire ci-dessous pour demander un devis, et nous vous contacterons. <\/div>\n\t\t\n<div class=\"wpcf7 no-js\" id=\"wpcf7-f187-o1\" lang=\"en-US\" dir=\"ltr\">\n<div class=\"screen-reader-response\"><p role=\"status\" aria-live=\"polite\" aria-atomic=\"true\"><\/p> <ul><\/ul><\/div>\n<form action=\"\/fr\/wp-json\/wp\/v2\/pages\/38#wpcf7-f187-o1\" method=\"post\" class=\"wpcf7-form init\" aria-label=\"Contact form\" novalidate=\"novalidate\" data-status=\"init\" data-trp-original-action=\"\/fr\/wp-json\/wp\/v2\/pages\/38#wpcf7-f187-o1\">\n<div style=\"display: none;\">\n<input type=\"hidden\" name=\"_wpcf7\" value=\"187\" \/>\n<input type=\"hidden\" name=\"_wpcf7_version\" value=\"5.8\" \/>\n<input type=\"hidden\" name=\"_wpcf7_locale\" value=\"en_US\" \/>\n<input type=\"hidden\" name=\"_wpcf7_unit_tag\" value=\"wpcf7-f187-o1\" \/>\n<input type=\"hidden\" name=\"_wpcf7_container_post\" value=\"0\" \/>\n<input type=\"hidden\" name=\"_wpcf7_posted_data_hash\" value=\"\" \/>\n<input type=\"hidden\" name=\"_wpcf7_recaptcha_response\" value=\"\" \/>\n<\/div>\n<div class=\"d-flex gutter-30\">\n <div class=\"col-6 col-mobile-12\"><div class=\"label\">R\u00e9sidentiel ou Commercial ?<\/div><span class=\"wpcf7-form-control-wrap\" data-name=\"HomeOrBusiness\"><select class=\"wpcf7-form-control wpcf7-select wpcf7-validates-as-required\" aria-required=\"true\" aria-invalid=\"false\" name=\"HomeOrBusiness\"><option value=\"Residential\">R\u00e9sidentiel<\/option><option value=\"Commercial\">Commercial<\/option><\/select><\/span><\/div>\n <div class=\"col-6 col-mobile-12\"><div class=\"label\">Nom<\/div><span class=\"wpcf7-form-control-wrap\" data-name=\"Name\"><input size=\"40\" class=\"wpcf7-form-control wpcf7-text wpcf7-validates-as-required\" aria-required=\"true\" aria-invalid=\"false\" value=\"Name\" type=\"text\" name=\"Name\" \/><\/span><\/div>\n <div class=\"col-6 col-mobile-12\"><div class=\"label\">Adresse e-mail<\/div><span class=\"wpcf7-form-control-wrap\" data-name=\"your-email\"><input size=\"40\" class=\"wpcf7-form-control wpcf7-email wpcf7-validates-as-required wpcf7-text wpcf7-validates-as-email\" autocomplete=\"email\" aria-required=\"true\" aria-invalid=\"false\" placeholder=\"contact@smartgardian.com\" value=\"\" type=\"email\" name=\"your-email\" \/><\/span><\/div>\n <div class=\"col-6 col-mobile-12\"><div class=\"label\">Num\u00e9ro de t\u00e9l\u00e9phone<\/div><span class=\"wpcf7-form-control-wrap\" data-name=\"phone\"><input size=\"40\" class=\"wpcf7-form-control wpcf7-tel wpcf7-validates-as-required wpcf7-text wpcf7-validates-as-tel\" aria-required=\"true\" aria-invalid=\"false\" placeholder=\"\" value=\"\" type=\"tel\" name=\"phone\" \/><\/span><\/div>\n <div class=\"col-12 mt-5\"><button class=\"wpcf7-form-control wpcf7-submit btn btn-xl btn-secondary btn-hover-accent flex-smobile-full\" type=\"submit\">Envoyer la demande<span class=\"wpcf7-submit-icon cmsi-arrow-circle-right-32 pl-35 text-32 rlt-flip\"><\/span><\/button><\/div>\n<\/div><div class=\"wpcf7-response-output\" aria-hidden=\"true\"><\/div>\n<input type=\"hidden\" name=\"trp-form-language\" value=\"fr\"\/><\/form>\n<\/div>\n<\/div>\t\t<\/div>\n\t\t\t\t<\/div>\n\t\t        <\/div>\r\n        <\/div>\r\n        \t\t        <\/div>\r\n        <\/section>\r\n\t\t\t\t\t\t\t<\/div>","protected":false},"excerpt":{"rendered":"<p>Secure Your Property Every property and every need is unique. Fill in the details below, and our team will provide you with a customized quote designed for your specific security requirements. Request A Quote Please complete the form below to request a quote, and we\u2019ll be in touch. Residential Or Commercial?ResidentialCommercial Name Email Address Phone [&hellip;]<\/p>","protected":false},"author":5,"featured_media":0,"parent":0,"menu_order":21,"comment_status":"closed","ping_status":"closed","template":"","meta":{"footnotes":""},"_links":{"self":[{"href":"https:\/\/smartgardian.com\/fr\/wp-json\/wp\/v2\/pages\/38"}],"collection":[{"href":"https:\/\/smartgardian.com\/fr\/wp-json\/wp\/v2\/pages"}],"about":[{"href":"https:\/\/smartgardian.com\/fr\/wp-json\/wp\/v2\/types\/page"}],"author":[{"embeddable":true,"href":"https:\/\/smartgardian.com\/fr\/wp-json\/wp\/v2\/users\/5"}],"replies":[{"embeddable":true,"href":"https:\/\/smartgardian.com\/fr\/wp-json\/wp\/v2\/comments?post=38"}],"version-history":[{"count":7,"href":"https:\/\/smartgardian.com\/fr\/wp-json\/wp\/v2\/pages\/38\/revisions"}],"predecessor-version":[{"id":781,"href":"https:\/\/smartgardian.com\/fr\/wp-json\/wp\/v2\/pages\/38\/revisions\/781"}],"wp:attachment":[{"href":"https:\/\/smartgardian.com\/fr\/wp-json\/wp\/v2\/media?parent=38"}],"curies":[{"name":"wp","href":"https:\/\/api.w.org\/{rel}","templated":true}]}}